{"id":24,"date":"2025-02-05T20:17:22","date_gmt":"2025-02-05T19:17:22","guid":{"rendered":"http:\/\/nudanakan-fusspflege.de\/?page_id=24"},"modified":"2025-02-20T21:11:56","modified_gmt":"2025-02-20T20:11:56","slug":"ein-homepage-abschnitt","status":"publish","type":"page","link":"https:\/\/nudanakan-fusspflege.de\/?page_id=24","title":{"rendered":"Beauty-Extras"},"content":{"rendered":"\n<h1 class=\"wp-block-heading\">Unwiderstehliche Blicke durch sch\u00f6ne Augenbrauen<\/h1>\n\n\n\n<p>Augenbrauen rahmen das Gesicht. Sie unterstreichen die Strahlkraft unserer Augen und verleihen unserem Gesicht Ausdruck. Mit der richtigen Form und der passenden Farbe setze ich Ihre Brauen perfekt in Szene und verleihe Ihnen einen unwiderstehlichen Blick.<\/p>\n\n\n\n<h1 class=\"wp-block-heading\">Strahlende Augen durch sch\u00f6ne Wimpern<\/h1>\n\n\n\n<p>Schenken Sie Ihrem Blick Eleganz und Ihren Wimpern das gewisse Etwas. Verabschieden Sie sich langfristig vom t\u00e4glichen Tuschen und stumpfen, unauff\u00e4lligen Wimpern. Ich f\u00e4rbe Ihre Wimpern und Sie erleben den Unterschied bei jedem Blick in den Spiegel.<\/p>\n\n\n\n<figure class=\"wp-block-gallery has-nested-images columns-default is-cropped wp-block-gallery-1 is-layout-flex wp-block-gallery-is-layout-flex\">\n<figure class=\"wp-block-image size-large\"><img loading=\"lazy\" decoding=\"async\" width=\"1024\" height=\"683\" data-id=\"118\" src=\"http:\/\/nudanakan-fusspflege.de\/wp-content\/uploads\/2025\/02\/AdobeStock_386828586-1024x683.jpeg\" alt=\"\" class=\"wp-image-118\" srcset=\"https:\/\/nudanakan-fusspflege.de\/wp-content\/uploads\/2025\/02\/AdobeStock_386828586-1024x683.jpeg 1024w, https:\/\/nudanakan-fusspflege.de\/wp-content\/uploads\/2025\/02\/AdobeStock_386828586-300x200.jpeg 300w, https:\/\/nudanakan-fusspflege.de\/wp-content\/uploads\/2025\/02\/AdobeStock_386828586-768x512.jpeg 768w, https:\/\/nudanakan-fusspflege.de\/wp-content\/uploads\/2025\/02\/AdobeStock_386828586-1536x1024.jpeg 1536w, https:\/\/nudanakan-fusspflege.de\/wp-content\/uploads\/2025\/02\/AdobeStock_386828586-2048x1365.jpeg 2048w\" sizes=\"auto, (max-width: 767px) 89vw, (max-width: 1000px) 54vw, (max-width: 1071px) 543px, 580px\" \/><\/figure>\n\n\n\n<figure class=\"wp-block-image size-large\"><img loading=\"lazy\" decoding=\"async\" width=\"1024\" height=\"683\" data-id=\"119\" src=\"http:\/\/nudanakan-fusspflege.de\/wp-content\/uploads\/2025\/02\/AdobeStock_408465851-1024x683.jpeg\" alt=\"\" class=\"wp-image-119\" srcset=\"https:\/\/nudanakan-fusspflege.de\/wp-content\/uploads\/2025\/02\/AdobeStock_408465851-1024x683.jpeg 1024w, https:\/\/nudanakan-fusspflege.de\/wp-content\/uploads\/2025\/02\/AdobeStock_408465851-300x200.jpeg 300w, https:\/\/nudanakan-fusspflege.de\/wp-content\/uploads\/2025\/02\/AdobeStock_408465851-768x512.jpeg 768w, https:\/\/nudanakan-fusspflege.de\/wp-content\/uploads\/2025\/02\/AdobeStock_408465851-1536x1024.jpeg 1536w, https:\/\/nudanakan-fusspflege.de\/wp-content\/uploads\/2025\/02\/AdobeStock_408465851-2048x1365.jpeg 2048w\" sizes=\"auto, (max-width: 767px) 89vw, (max-width: 1000px) 54vw, (max-width: 1071px) 543px, 580px\" \/><\/figure>\n\n\n\n<figure class=\"wp-block-image size-large\"><img loading=\"lazy\" decoding=\"async\" width=\"1024\" height=\"683\" data-id=\"120\" src=\"http:\/\/nudanakan-fusspflege.de\/wp-content\/uploads\/2025\/02\/AdobeStock_444986262-1024x683.jpeg\" alt=\"\" class=\"wp-image-120\" srcset=\"https:\/\/nudanakan-fusspflege.de\/wp-content\/uploads\/2025\/02\/AdobeStock_444986262-1024x683.jpeg 1024w, https:\/\/nudanakan-fusspflege.de\/wp-content\/uploads\/2025\/02\/AdobeStock_444986262-300x200.jpeg 300w, https:\/\/nudanakan-fusspflege.de\/wp-content\/uploads\/2025\/02\/AdobeStock_444986262-768x512.jpeg 768w, https:\/\/nudanakan-fusspflege.de\/wp-content\/uploads\/2025\/02\/AdobeStock_444986262-1536x1024.jpeg 1536w, https:\/\/nudanakan-fusspflege.de\/wp-content\/uploads\/2025\/02\/AdobeStock_444986262-2048x1365.jpeg 2048w\" sizes=\"auto, (max-width: 767px) 89vw, (max-width: 1000px) 54vw, (max-width: 1071px) 543px, 580px\" \/><\/figure>\n\n\n\n<figure class=\"wp-block-image size-large\"><img loading=\"lazy\" decoding=\"async\" width=\"1024\" height=\"683\" data-id=\"121\" src=\"http:\/\/nudanakan-fusspflege.de\/wp-content\/uploads\/2025\/02\/AdobeStock_132277005-1024x683.jpeg\" alt=\"\" class=\"wp-image-121\" srcset=\"https:\/\/nudanakan-fusspflege.de\/wp-content\/uploads\/2025\/02\/AdobeStock_132277005-1024x683.jpeg 1024w, https:\/\/nudanakan-fusspflege.de\/wp-content\/uploads\/2025\/02\/AdobeStock_132277005-300x200.jpeg 300w, https:\/\/nudanakan-fusspflege.de\/wp-content\/uploads\/2025\/02\/AdobeStock_132277005-768x512.jpeg 768w, https:\/\/nudanakan-fusspflege.de\/wp-content\/uploads\/2025\/02\/AdobeStock_132277005-1536x1024.jpeg 1536w, https:\/\/nudanakan-fusspflege.de\/wp-content\/uploads\/2025\/02\/AdobeStock_132277005-2048x1365.jpeg 2048w\" sizes=\"auto, (max-width: 767px) 89vw, (max-width: 1000px) 54vw, (max-width: 1071px) 543px, 580px\" \/><\/figure>\n<\/figure>\n\n\n\n<h1 class=\"wp-block-heading\">Strahlende Gesichtshaut durch <a href=\"http:\/\/nudanakan-fusspflege.de\/preisliste\/\" data-type=\"page\" data-id=\"145\">Fadentechnik<\/a><\/h1>\n\n\n\n<p>Haare im Gesicht sind f\u00fcr viele Frauen ein kosmetisches Problem. Vor allem der Damenbart wird als besonders st\u00f6rend empfunden. Aber auch am Kinn kann sich ein zarter Flaum bilden, der unerw\u00fcnscht ist. Wenn Sie sich von l\u00e4stigem Flaum, einem leichten Damenbart oder dunklerem Haarwuchs im Gesicht befreien m\u00f6chten, dann bin ich als <strong>dermatologisch gepr\u00fcfte Kosmetikerin<\/strong> Ihre Ansprechpartnerin.&nbsp;<\/p>\n\n\n\n<p><a href=\"http:\/\/nudanakan-fusspflege.de\/kontakt\/\" data-type=\"page\" data-id=\"22\">Hier bekommen Sie Ihren Sch\u00f6nheitstermin!<\/a><\/p>\n\n\n\n<p>Diese Dienstleistungen biete ich ausschlie\u00dflich mobil an.<\/p>\n","protected":false},"excerpt":{"rendered":"<p>Unwiderstehliche Blicke durch sch\u00f6ne Augenbrauen Augenbrauen rahmen das Gesicht. Sie unterstreichen die Strahlkraft unserer Augen und verleihen unserem Gesicht Ausdruck. Mit der richtigen Form und der passenden Farbe setze ich Ihre Brauen perfekt in Szene und verleihe Ihnen einen unwiderstehlichen Blick. Strahlende Augen durch sch\u00f6ne Wimpern Schenken Sie Ihrem Blick Eleganz und Ihren Wimpern das &hellip; <\/p>\n<p class=\"link-more\"><a href=\"https:\/\/nudanakan-fusspflege.de\/?page_id=24\" class=\"more-link\"><span class=\"screen-reader-text\">\u201eBeauty-Extras\u201c<\/span> weiterlesen<\/a><\/p>\n","protected":false},"author":1,"featured_media":106,"parent":0,"menu_order":0,"comment_status":"closed","ping_status":"closed","template":"","meta":{"footnotes":""},"class_list":["post-24","page","type-page","status-publish","has-post-thumbnail","hentry"],"_links":{"self":[{"href":"https:\/\/nudanakan-fusspflege.de\/index.php?rest_route=\/wp\/v2\/pages\/24","targetHints":{"allow":["GET"]}}],"collection":[{"href":"https:\/\/nudanakan-fusspflege.de\/index.php?rest_route=\/wp\/v2\/pages"}],"about":[{"href":"https:\/\/nudanakan-fusspflege.de\/index.php?rest_route=\/wp\/v2\/types\/page"}],"author":[{"embeddable":true,"href":"https:\/\/nudanakan-fusspflege.de\/index.php?rest_route=\/wp\/v2\/users\/1"}],"replies":[{"embeddable":true,"href":"https:\/\/nudanakan-fusspflege.de\/index.php?rest_route=%2Fwp%2Fv2%2Fcomments&post=24"}],"version-history":[{"count":9,"href":"https:\/\/nudanakan-fusspflege.de\/index.php?rest_route=\/wp\/v2\/pages\/24\/revisions"}],"predecessor-version":[{"id":228,"href":"https:\/\/nudanakan-fusspflege.de\/index.php?rest_route=\/wp\/v2\/pages\/24\/revisions\/228"}],"wp:featuredmedia":[{"embeddable":true,"href":"https:\/\/nudanakan-fusspflege.de\/index.php?rest_route=\/wp\/v2\/media\/106"}],"wp:attachment":[{"href":"https:\/\/nudanakan-fusspflege.de\/index.php?rest_route=%2Fwp%2Fv2%2Fmedia&parent=24"}],"curies":[{"name":"wp","href":"https:\/\/api.w.org\/{rel}","templated":true}]}}