{"id":20,"date":"2025-02-05T20:17:22","date_gmt":"2025-02-05T19:17:22","guid":{"rendered":"http:\/\/nudanakan-fusspflege.de\/?page_id=20"},"modified":"2025-04-27T19:11:19","modified_gmt":"2025-04-27T17:11:19","slug":"startseite","status":"publish","type":"page","link":"https:\/\/nudanakan-fusspflege.de\/","title":{"rendered":"Willkommen"},"content":{"rendered":"\n<h1 class=\"wp-block-heading\">F\u00fc\u00dfe sch\u00f6n, alles sch\u00f6n!<\/h1>\n\n\n\n<p>Unsere F\u00fc\u00dfe tragen uns durch&#8217;s Leben. Wir wollen, dass sie nicht nur gesund, sondern auch sch\u00f6n sind. Sie haben somit die beste Pflege verdient &#8211; Fu\u00dfpflege von Profis.<\/p>\n\n\n\n<p>Fu\u00dfpflege ist essenziell, nicht nur f\u00fcr Ihre Sch\u00f6nheit, sondern vor allem f\u00fcr Ihre Gesundheit. Unsere F\u00fc\u00dfe sind t\u00e4glichen Belastungen ausgesetzt und trotzdem kommen Sie oft zu kurz. Vernachl\u00e4ssigte Fu\u00dfpflege kann zu Schwielen, Fu\u00dfpilz oder eingewachsenen N\u00e4geln f\u00fchren. Die Folge k\u00f6nnen Schmerzen und eingeschr\u00e4nkte Mobilit\u00e4t bis hin zu ganzheitlichen Gesundheitsproblemen sein.<\/p>\n\n\n\n<figure class=\"wp-block-gallery has-nested-images columns-default is-cropped wp-block-gallery-1 is-layout-flex wp-block-gallery-is-layout-flex\">\n<figure class=\"wp-block-image size-large\"><img loading=\"lazy\" decoding=\"async\" width=\"1024\" height=\"595\" data-id=\"111\" src=\"http:\/\/nudanakan-fusspflege.de\/wp-content\/uploads\/2025\/02\/AdobeStock_248895761-1024x595.jpeg\" alt=\"\" class=\"wp-image-111\" srcset=\"https:\/\/nudanakan-fusspflege.de\/wp-content\/uploads\/2025\/02\/AdobeStock_248895761-1024x595.jpeg 1024w, https:\/\/nudanakan-fusspflege.de\/wp-content\/uploads\/2025\/02\/AdobeStock_248895761-300x174.jpeg 300w, https:\/\/nudanakan-fusspflege.de\/wp-content\/uploads\/2025\/02\/AdobeStock_248895761-768x446.jpeg 768w, https:\/\/nudanakan-fusspflege.de\/wp-content\/uploads\/2025\/02\/AdobeStock_248895761-1536x892.jpeg 1536w, https:\/\/nudanakan-fusspflege.de\/wp-content\/uploads\/2025\/02\/AdobeStock_248895761-2048x1189.jpeg 2048w\" sizes=\"auto, (max-width: 767px) 89vw, (max-width: 1000px) 54vw, (max-width: 1071px) 543px, 580px\" \/><\/figure>\n\n\n\n<figure class=\"wp-block-image size-large\"><img loading=\"lazy\" decoding=\"async\" width=\"1024\" height=\"683\" data-id=\"113\" src=\"http:\/\/nudanakan-fusspflege.de\/wp-content\/uploads\/2025\/02\/AdobeStock_223068461-1024x683.jpeg\" alt=\"\" class=\"wp-image-113\" srcset=\"https:\/\/nudanakan-fusspflege.de\/wp-content\/uploads\/2025\/02\/AdobeStock_223068461-1024x683.jpeg 1024w, https:\/\/nudanakan-fusspflege.de\/wp-content\/uploads\/2025\/02\/AdobeStock_223068461-300x200.jpeg 300w, https:\/\/nudanakan-fusspflege.de\/wp-content\/uploads\/2025\/02\/AdobeStock_223068461-768x512.jpeg 768w, https:\/\/nudanakan-fusspflege.de\/wp-content\/uploads\/2025\/02\/AdobeStock_223068461-1536x1024.jpeg 1536w, https:\/\/nudanakan-fusspflege.de\/wp-content\/uploads\/2025\/02\/AdobeStock_223068461-2048x1365.jpeg 2048w\" sizes=\"auto, (max-width: 767px) 89vw, (max-width: 1000px) 54vw, (max-width: 1071px) 543px, 580px\" \/><\/figure>\n\n\n\n<figure class=\"wp-block-image size-large\"><img loading=\"lazy\" decoding=\"async\" width=\"1024\" height=\"683\" data-id=\"112\" src=\"http:\/\/nudanakan-fusspflege.de\/wp-content\/uploads\/2025\/02\/AdobeStock_701034004-1024x683.jpeg\" alt=\"\" class=\"wp-image-112\" srcset=\"https:\/\/nudanakan-fusspflege.de\/wp-content\/uploads\/2025\/02\/AdobeStock_701034004-1024x683.jpeg 1024w, https:\/\/nudanakan-fusspflege.de\/wp-content\/uploads\/2025\/02\/AdobeStock_701034004-300x200.jpeg 300w, https:\/\/nudanakan-fusspflege.de\/wp-content\/uploads\/2025\/02\/AdobeStock_701034004-768x512.jpeg 768w, https:\/\/nudanakan-fusspflege.de\/wp-content\/uploads\/2025\/02\/AdobeStock_701034004-1536x1024.jpeg 1536w, https:\/\/nudanakan-fusspflege.de\/wp-content\/uploads\/2025\/02\/AdobeStock_701034004-2048x1365.jpeg 2048w\" sizes=\"auto, (max-width: 767px) 89vw, (max-width: 1000px) 54vw, (max-width: 1071px) 543px, 580px\" \/><\/figure>\n\n\n\n<figure class=\"wp-block-image size-large\"><img loading=\"lazy\" decoding=\"async\" width=\"1024\" height=\"691\" data-id=\"143\" src=\"http:\/\/nudanakan-fusspflege.de\/wp-content\/uploads\/2025\/02\/AdobeStock_16010595-1024x691.jpeg\" alt=\"\" class=\"wp-image-143\" srcset=\"https:\/\/nudanakan-fusspflege.de\/wp-content\/uploads\/2025\/02\/AdobeStock_16010595-1024x691.jpeg 1024w, https:\/\/nudanakan-fusspflege.de\/wp-content\/uploads\/2025\/02\/AdobeStock_16010595-300x202.jpeg 300w, https:\/\/nudanakan-fusspflege.de\/wp-content\/uploads\/2025\/02\/AdobeStock_16010595-768x518.jpeg 768w, https:\/\/nudanakan-fusspflege.de\/wp-content\/uploads\/2025\/02\/AdobeStock_16010595-1536x1036.jpeg 1536w, https:\/\/nudanakan-fusspflege.de\/wp-content\/uploads\/2025\/02\/AdobeStock_16010595-2048x1381.jpeg 2048w\" sizes=\"auto, (max-width: 767px) 89vw, (max-width: 1000px) 54vw, (max-width: 1071px) 543px, 580px\" \/><\/figure>\n<\/figure>\n\n\n\n<p><strong>Wie bei so vielen Dingen gilt auch hier:  Vorsorgen ist besser als Nachsorgen<\/strong><\/p>\n\n\n\n<p>Der regelm\u00e4\u00dfige Besuch bei der professionellen Fu\u00dfpflege hilft, Beschwerden zu vermeiden, f\u00f6rdert Ihr allgemeines Wohlbefinden und nat\u00fcrlich Ihr Sch\u00f6nheitsempfinden.<\/p>\n\n\n\n<p>Als <strong>Fachfu\u00dfpflegerin und dermatologisch gepr\u00fcfte Kosmetikerin<\/strong> verstehe ich die Wichtigkeit der professionellen Fu\u00dfpflege und bin daher die perfekte Ansprechpartnerin f\u00fcr Ihre Fu\u00dfpflegebed\u00fcrfnisse. Jeder Fu\u00dfpflegetermin findet in einem angemessen Zeitfenster statt &#8211; <strong>ob in der <a href=\"https:\/\/nudanakan-fusspflege.de\/kontakt\/\" data-type=\"page\" data-id=\"22\">Praxis<\/a> oder bei Ihnen zuhause <\/strong>&#8211; Ihre Zufriedenheit und Ihr Wohlbefinden stehen bei mir stets im Vordergrund.<\/p>\n\n\n\n<p><a href=\"http:\/\/nudanakan-fusspflege.de\/kontakt\/\">Vereinbaren Sie jetzt Ihren pers\u00f6nlichen Fu\u00dfpflege-Sch\u00f6nheitstermin.<\/a><\/p>\n\n\n\n<p><strong>\u00dcbrigens Sie finden mich in den Praxisr\u00e4umen von <a href=\"https:\/\/www.physiotherapiecarstens.de\/\" target=\"_blank\" rel=\"noreferrer noopener\">Ronja Carstens Physiotherapie.<\/a><\/strong><\/p>\n\n\n\n<p><\/p>\n","protected":false},"excerpt":{"rendered":"<p>F\u00fc\u00dfe sch\u00f6n, alles sch\u00f6n! Unsere F\u00fc\u00dfe tragen uns durch&#8217;s Leben. Wir wollen, dass sie nicht nur gesund, sondern auch sch\u00f6n sind. Sie haben somit die beste Pflege verdient &#8211; Fu\u00dfpflege von Profis. Fu\u00dfpflege ist essenziell, nicht nur f\u00fcr Ihre Sch\u00f6nheit, sondern vor allem f\u00fcr Ihre Gesundheit. Unsere F\u00fc\u00dfe sind t\u00e4glichen Belastungen ausgesetzt und trotzdem kommen &hellip; <\/p>\n<p class=\"link-more\"><a href=\"https:\/\/nudanakan-fusspflege.de\/\" class=\"more-link\"><span class=\"screen-reader-text\">\u201eWillkommen\u201c<\/span> weiterlesen<\/a><\/p>\n","protected":false},"author":1,"featured_media":100,"parent":0,"menu_order":0,"comment_status":"closed","ping_status":"closed","template":"","meta":{"footnotes":""},"class_list":["post-20","page","type-page","status-publish","has-post-thumbnail","hentry"],"_links":{"self":[{"href":"https:\/\/nudanakan-fusspflege.de\/index.php?rest_route=\/wp\/v2\/pages\/20","targetHints":{"allow":["GET"]}}],"collection":[{"href":"https:\/\/nudanakan-fusspflege.de\/index.php?rest_route=\/wp\/v2\/pages"}],"about":[{"href":"https:\/\/nudanakan-fusspflege.de\/index.php?rest_route=\/wp\/v2\/types\/page"}],"author":[{"embeddable":true,"href":"https:\/\/nudanakan-fusspflege.de\/index.php?rest_route=\/wp\/v2\/users\/1"}],"replies":[{"embeddable":true,"href":"https:\/\/nudanakan-fusspflege.de\/index.php?rest_route=%2Fwp%2Fv2%2Fcomments&post=20"}],"version-history":[{"count":10,"href":"https:\/\/nudanakan-fusspflege.de\/index.php?rest_route=\/wp\/v2\/pages\/20\/revisions"}],"predecessor-version":[{"id":264,"href":"https:\/\/nudanakan-fusspflege.de\/index.php?rest_route=\/wp\/v2\/pages\/20\/revisions\/264"}],"wp:featuredmedia":[{"embeddable":true,"href":"https:\/\/nudanakan-fusspflege.de\/index.php?rest_route=\/wp\/v2\/media\/100"}],"wp:attachment":[{"href":"https:\/\/nudanakan-fusspflege.de\/index.php?rest_route=%2Fwp%2Fv2%2Fmedia&parent=20"}],"curies":[{"name":"wp","href":"https:\/\/api.w.org\/{rel}","templated":true}]}}