{"id":145,"date":"2025-02-15T21:39:40","date_gmt":"2025-02-15T20:39:40","guid":{"rendered":"http:\/\/nudanakan-fusspflege.de\/?page_id=145"},"modified":"2025-02-20T21:07:42","modified_gmt":"2025-02-20T20:07:42","slug":"preisliste","status":"publish","type":"page","link":"https:\/\/nudanakan-fusspflege.de\/?page_id=145","title":{"rendered":"Preisliste"},"content":{"rendered":"\n<h2 class=\"wp-block-heading\">Gutes f\u00fcr die F\u00fc\u00dfe<\/h2>\n\n\n\n<p class=\"has-small-font-size\">Diese Dienstleistungen biete ich wowohl in der Praxis als auch bei Ihnen zuhause an.<\/p>\n\n\n\n<figure class=\"wp-block-table\"><table class=\"has-fixed-layout\"><tbody><tr><td>   Med. Fu\u00dfpflege<\/td><td>35,00 \u20ac<\/td><\/tr><tr><td>   &#8211; inkl. Shellac<\/td><td>45,00 \u20ac<\/td><\/tr><tr><td>   B\/S Spange* (bei eingewachsenen N\u00e4geln)<\/td><td>30,00 \u20ac<\/td><\/tr><tr><td>   Shellac ohne Fu\u00dfpflege<\/td><td>28,00 \u20ac<\/td><\/tr><\/tbody><\/table><\/figure>\n\n\n\n<figure class=\"wp-block-gallery has-nested-images columns-default is-cropped wp-block-gallery-1 is-layout-flex wp-block-gallery-is-layout-flex\">\n<figure class=\"wp-block-image size-large\"><img loading=\"lazy\" decoding=\"async\" width=\"1024\" height=\"683\" data-id=\"155\" src=\"http:\/\/nudanakan-fusspflege.de\/wp-content\/uploads\/2025\/02\/AdobeStock_80594884-1-1024x683.jpeg\" alt=\"\" class=\"wp-image-155\" srcset=\"https:\/\/nudanakan-fusspflege.de\/wp-content\/uploads\/2025\/02\/AdobeStock_80594884-1-1024x683.jpeg 1024w, https:\/\/nudanakan-fusspflege.de\/wp-content\/uploads\/2025\/02\/AdobeStock_80594884-1-300x200.jpeg 300w, https:\/\/nudanakan-fusspflege.de\/wp-content\/uploads\/2025\/02\/AdobeStock_80594884-1-768x512.jpeg 768w, https:\/\/nudanakan-fusspflege.de\/wp-content\/uploads\/2025\/02\/AdobeStock_80594884-1-1536x1024.jpeg 1536w, https:\/\/nudanakan-fusspflege.de\/wp-content\/uploads\/2025\/02\/AdobeStock_80594884-1-2048x1365.jpeg 2048w\" sizes=\"auto, (max-width: 767px) 89vw, (max-width: 1000px) 54vw, (max-width: 1071px) 543px, 580px\" \/><\/figure>\n\n\n\n<figure class=\"wp-block-image size-large\"><img loading=\"lazy\" decoding=\"async\" width=\"1024\" height=\"727\" data-id=\"156\" src=\"http:\/\/nudanakan-fusspflege.de\/wp-content\/uploads\/2025\/02\/AdobeStock_103846565-1-1024x727.jpeg\" alt=\"\" class=\"wp-image-156\" srcset=\"https:\/\/nudanakan-fusspflege.de\/wp-content\/uploads\/2025\/02\/AdobeStock_103846565-1-1024x727.jpeg 1024w, https:\/\/nudanakan-fusspflege.de\/wp-content\/uploads\/2025\/02\/AdobeStock_103846565-1-300x213.jpeg 300w, https:\/\/nudanakan-fusspflege.de\/wp-content\/uploads\/2025\/02\/AdobeStock_103846565-1-768x545.jpeg 768w, https:\/\/nudanakan-fusspflege.de\/wp-content\/uploads\/2025\/02\/AdobeStock_103846565-1-1536x1090.jpeg 1536w, https:\/\/nudanakan-fusspflege.de\/wp-content\/uploads\/2025\/02\/AdobeStock_103846565-1-2048x1453.jpeg 2048w\" sizes=\"auto, (max-width: 767px) 89vw, (max-width: 1000px) 54vw, (max-width: 1071px) 543px, 580px\" \/><\/figure>\n\n\n\n<figure class=\"wp-block-image size-large\"><img loading=\"lazy\" decoding=\"async\" width=\"1024\" height=\"680\" data-id=\"154\" src=\"http:\/\/nudanakan-fusspflege.de\/wp-content\/uploads\/2025\/02\/AdobeStock_7200804-1024x680.jpeg\" alt=\"\" class=\"wp-image-154\" srcset=\"https:\/\/nudanakan-fusspflege.de\/wp-content\/uploads\/2025\/02\/AdobeStock_7200804-1024x680.jpeg 1024w, https:\/\/nudanakan-fusspflege.de\/wp-content\/uploads\/2025\/02\/AdobeStock_7200804-300x199.jpeg 300w, https:\/\/nudanakan-fusspflege.de\/wp-content\/uploads\/2025\/02\/AdobeStock_7200804-768x510.jpeg 768w, https:\/\/nudanakan-fusspflege.de\/wp-content\/uploads\/2025\/02\/AdobeStock_7200804-1536x1020.jpeg 1536w, https:\/\/nudanakan-fusspflege.de\/wp-content\/uploads\/2025\/02\/AdobeStock_7200804-2048x1361.jpeg 2048w\" sizes=\"auto, (max-width: 767px) 89vw, (max-width: 1000px) 54vw, (max-width: 1071px) 543px, 580px\" \/><\/figure>\n\n\n\n<figure class=\"wp-block-image size-large\"><img loading=\"lazy\" decoding=\"async\" width=\"1024\" height=\"439\" data-id=\"157\" src=\"http:\/\/nudanakan-fusspflege.de\/wp-content\/uploads\/2025\/02\/AdobeStock_907381938-1024x439.jpeg\" alt=\"\" class=\"wp-image-157\" srcset=\"https:\/\/nudanakan-fusspflege.de\/wp-content\/uploads\/2025\/02\/AdobeStock_907381938-1024x439.jpeg 1024w, https:\/\/nudanakan-fusspflege.de\/wp-content\/uploads\/2025\/02\/AdobeStock_907381938-300x129.jpeg 300w, https:\/\/nudanakan-fusspflege.de\/wp-content\/uploads\/2025\/02\/AdobeStock_907381938-768x329.jpeg 768w, https:\/\/nudanakan-fusspflege.de\/wp-content\/uploads\/2025\/02\/AdobeStock_907381938-1536x658.jpeg 1536w, https:\/\/nudanakan-fusspflege.de\/wp-content\/uploads\/2025\/02\/AdobeStock_907381938-2048x878.jpeg 2048w\" sizes=\"auto, (max-width: 767px) 89vw, (max-width: 1000px) 54vw, (max-width: 1071px) 543px, 580px\" \/><\/figure>\n<\/figure>\n\n\n\n<h2 class=\"wp-block-heading\">F\u00fcr Ihre Sch\u00f6nheit<\/h2>\n\n\n\n<p class=\"has-small-font-size\">Diese Dienstleistungen biete ich ausschlie\u00dflich mobil, also bei Ihnen zu Hause, an.<\/p>\n\n\n\n<figure class=\"wp-block-table\"><table class=\"has-fixed-layout\"><tbody><tr><td>   Wimpern f\u00e4rben<\/td><td>10,00 \u20ac<\/td><\/tr><tr><td>   Augenbrauen f\u00e4rben<\/td><td>10,00 \u20ac<\/td><\/tr><tr><td>   Augenbrauen zupfen<\/td><td>10,00 \u20ac<\/td><\/tr><tr><td>   Augenbrauen entfernen \/ Fadentechnik<\/td><td>15,00 \u20ac<\/td><\/tr><tr><td>Kinnhaare entfernen \/ Fadentechnik<\/td><td>  5,00 \u20ac<\/td><\/tr><tr><td>   Oberlippenbart entfernen \/ Fadentechnik<\/td><td>25,00 \u20ac<\/td><\/tr><tr><td>   Gesichtshaare entfernen \/ Fadentechnik<\/td><td>25,00 \u20ac<\/td><\/tr><\/tbody><\/table><\/figure>\n\n\n\n<p style=\"font-size:12px\">Mehraufwand durch Termine nach 19 Uhr oder am Wochenende wird individuell berechnet und erfolgt nach Absprache.<\/p>\n\n\n\n<hr class=\"wp-block-separator has-alpha-channel-opacity is-style-wide\"\/>\n\n\n\n<p class=\"has-small-font-size\" style=\"line-height:1.4\"><strong>*<\/strong> <strong>Wozu eine Nagelkorrekturspange?<\/strong> Eine Nagelkorrekturspange auch Orthonyxiespange oder einfach Nagelspange ist eine medizinische Apparatur, mit der Fehlstellungen von Fu\u00dfn\u00e4geln korrigiert werden, um das Einwachsen der N\u00e4gel zu verhindern.<\/p>\n\n\n\n<p class=\"has-drop-cap has-small-font-size\" style=\"line-height:1.4\"><strong>* Was ist die Fadentechnik?<\/strong> Die Fadentechnik ist eine&nbsp;uralte Technik, um Haare mit der Wurzel aus der Haut zu ziehen. Urspr\u00fcnglich kommt diese&nbsp;Tradition aus dem Indischen&nbsp;und hat sich im mittleren Osten ausgebreitet. Durch den indischen Einfluss in London und New York ist die Technik mit Faden auch dort mittlerweile die&nbsp;beliebteste Methode zum&nbsp;Augenbrauen&nbsp;s\u00e4ubern.<\/p>\n\n\n\n<p><a href=\"http:\/\/nudanakan-fusspflege.de\/kontakt\/\" data-type=\"page\" data-id=\"22\">Wann Sehen wir uns? Am besten vereinbaren Sie gleich Ihren pers\u00f6nlichen Termin!<\/a><\/p>\n\n\n\n<p><\/p>\n","protected":false},"excerpt":{"rendered":"<p>Gutes f\u00fcr die F\u00fc\u00dfe Diese Dienstleistungen biete ich wowohl in der Praxis als auch bei Ihnen zuhause an. Med. Fu\u00dfpflege 35,00 \u20ac &#8211; inkl. Shellac 45,00 \u20ac B\/S Spange* (bei eingewachsenen N\u00e4geln) 30,00 \u20ac Shellac ohne Fu\u00dfpflege 28,00 \u20ac F\u00fcr Ihre Sch\u00f6nheit Diese Dienstleistungen biete ich ausschlie\u00dflich mobil, also bei Ihnen zu Hause, an. Wimpern &hellip; <\/p>\n<p class=\"link-more\"><a href=\"https:\/\/nudanakan-fusspflege.de\/?page_id=145\" class=\"more-link\"><span class=\"screen-reader-text\">\u201ePreisliste\u201c<\/span> weiterlesen<\/a><\/p>\n","protected":false},"author":1,"featured_media":0,"parent":0,"menu_order":0,"comment_status":"closed","ping_status":"closed","template":"","meta":{"footnotes":""},"class_list":["post-145","page","type-page","status-publish","hentry"],"_links":{"self":[{"href":"https:\/\/nudanakan-fusspflege.de\/index.php?rest_route=\/wp\/v2\/pages\/145","targetHints":{"allow":["GET"]}}],"collection":[{"href":"https:\/\/nudanakan-fusspflege.de\/index.php?rest_route=\/wp\/v2\/pages"}],"about":[{"href":"https:\/\/nudanakan-fusspflege.de\/index.php?rest_route=\/wp\/v2\/types\/page"}],"author":[{"embeddable":true,"href":"https:\/\/nudanakan-fusspflege.de\/index.php?rest_route=\/wp\/v2\/users\/1"}],"replies":[{"embeddable":true,"href":"https:\/\/nudanakan-fusspflege.de\/index.php?rest_route=%2Fwp%2Fv2%2Fcomments&post=145"}],"version-history":[{"count":9,"href":"https:\/\/nudanakan-fusspflege.de\/index.php?rest_route=\/wp\/v2\/pages\/145\/revisions"}],"predecessor-version":[{"id":224,"href":"https:\/\/nudanakan-fusspflege.de\/index.php?rest_route=\/wp\/v2\/pages\/145\/revisions\/224"}],"wp:attachment":[{"href":"https:\/\/nudanakan-fusspflege.de\/index.php?rest_route=%2Fwp%2Fv2%2Fmedia&parent=145"}],"curies":[{"name":"wp","href":"https:\/\/api.w.org\/{rel}","templated":true}]}}